{"id":4609,"date":"2024-05-30T06:14:46","date_gmt":"2024-05-30T06:14:46","guid":{"rendered":"https:\/\/3dprintersinindia.com\/sites\/mauritius_finance\/?page_id=4609"},"modified":"2024-05-31T13:04:55","modified_gmt":"2024-05-31T13:04:55","slug":"__trashed","status":"publish","type":"page","link":"https:\/\/3dprintersinindia.com\/sites\/mauritius_finance\/?page_id=4609&lang=fr","title":{"rendered":"CONTACTEZ-NOUS"},"content":{"rendered":"\n<div class=\"wp-block-columns is-layout-flex wp-container-core-columns-is-layout-9d6595d7 wp-block-columns-is-layout-flex\">\n<div class=\"wp-block-column is-layout-flow wp-block-column-is-layout-flow\" style=\"flex-basis:33.33%\">\n<h5 class=\"wp-block-heading\"><strong>Appelez-nous<\/strong><\/h5>\n\n\n\n<p>+230 425 50 60<br><\/p>\n\n\n\n<h5 class=\"wp-block-heading\"><strong>Adresse du bureau<\/strong><\/h5>\n\n\n\n<p>Bureau n\u00b0 2, 14 Avenue Sodnac<br>Quatre Bornes, Maurice<\/p>\n\n\n\n<ul class=\"wp-block-social-links is-content-justification-left is-layout-flex wp-container-core-social-links-is-layout-fdcfc74e wp-block-social-links-is-layout-flex\"><li class=\"wp-social-link wp-social-link-facebook  wp-block-social-link\"><a href=\"https:\/\/www.facebook.com\/trademauritius\" class=\"wp-block-social-link-anchor\"><svg width=\"24\" height=\"24\" viewBox=\"0 0 24 24\" version=\"1.1\" xmlns=\"http:\/\/www.w3.org\/2000\/svg\" aria-hidden=\"true\" focusable=\"false\"><path d=\"M12 2C6.5 2 2 6.5 2 12c0 5 3.7 9.1 8.4 9.9v-7H7.9V12h2.5V9.8c0-2.5 1.5-3.9 3.8-3.9 1.1 0 2.2.2 2.2.2v2.5h-1.3c-1.2 0-1.6.8-1.6 1.6V12h2.8l-.4 2.9h-2.3v7C18.3 21.1 22 17 22 12c0-5.5-4.5-10-10-10z\"><\/path><\/svg><span class=\"wp-block-social-link-label screen-reader-text\">Facebook<\/span><\/a><\/li>\n\n<li class=\"wp-social-link wp-social-link-linkedin  wp-block-social-link\"><a href=\"https:\/\/www.linkedin.com\/company\/101443024\/admin\/feed\/posts\/\" class=\"wp-block-social-link-anchor\"><svg width=\"24\" height=\"24\" viewBox=\"0 0 24 24\" version=\"1.1\" xmlns=\"http:\/\/www.w3.org\/2000\/svg\" aria-hidden=\"true\" focusable=\"false\"><path d=\"M19.7,3H4.3C3.582,3,3,3.582,3,4.3v15.4C3,20.418,3.582,21,4.3,21h15.4c0.718,0,1.3-0.582,1.3-1.3V4.3 C21,3.582,20.418,3,19.7,3z M8.339,18.338H5.667v-8.59h2.672V18.338z M7.004,8.574c-0.857,0-1.549-0.694-1.549-1.548 c0-0.855,0.691-1.548,1.549-1.548c0.854,0,1.547,0.694,1.547,1.548C8.551,7.881,7.858,8.574,7.004,8.574z M18.339,18.338h-2.669 v-4.177c0-0.996-0.017-2.278-1.387-2.278c-1.389,0-1.601,1.086-1.601,2.206v4.249h-2.667v-8.59h2.559v1.174h0.037 c0.356-0.675,1.227-1.387,2.526-1.387c2.703,0,3.203,1.779,3.203,4.092V18.338z\"><\/path><\/svg><span class=\"wp-block-social-link-label screen-reader-text\">LinkedIn<\/span><\/a><\/li>\n\n<li class=\"wp-social-link wp-social-link-instagram  wp-block-social-link\"><a href=\"https:\/\/www.instagram.com\/trade_mauritius\/\" class=\"wp-block-social-link-anchor\"><svg width=\"24\" height=\"24\" viewBox=\"0 0 24 24\" version=\"1.1\" xmlns=\"http:\/\/www.w3.org\/2000\/svg\" aria-hidden=\"true\" focusable=\"false\"><path d=\"M12,4.622c2.403,0,2.688,0.009,3.637,0.052c0.877,0.04,1.354,0.187,1.671,0.31c0.42,0.163,0.72,0.358,1.035,0.673 c0.315,0.315,0.51,0.615,0.673,1.035c0.123,0.317,0.27,0.794,0.31,1.671c0.043,0.949,0.052,1.234,0.052,3.637 s-0.009,2.688-0.052,3.637c-0.04,0.877-0.187,1.354-0.31,1.671c-0.163,0.42-0.358,0.72-0.673,1.035 c-0.315,0.315-0.615,0.51-1.035,0.673c-0.317,0.123-0.794,0.27-1.671,0.31c-0.949,0.043-1.233,0.052-3.637,0.052 s-2.688-0.009-3.637-0.052c-0.877-0.04-1.354-0.187-1.671-0.31c-0.42-0.163-0.72-0.358-1.035-0.673 c-0.315-0.315-0.51-0.615-0.673-1.035c-0.123-0.317-0.27-0.794-0.31-1.671C4.631,14.688,4.622,14.403,4.622,12 s0.009-2.688,0.052-3.637c0.04-0.877,0.187-1.354,0.31-1.671c0.163-0.42,0.358-0.72,0.673-1.035 c0.315-0.315,0.615-0.51,1.035-0.673c0.317-0.123,0.794-0.27,1.671-0.31C9.312,4.631,9.597,4.622,12,4.622 M12,3 C9.556,3,9.249,3.01,8.289,3.054C7.331,3.098,6.677,3.25,6.105,3.472C5.513,3.702,5.011,4.01,4.511,4.511 c-0.5,0.5-0.808,1.002-1.038,1.594C3.25,6.677,3.098,7.331,3.054,8.289C3.01,9.249,3,9.556,3,12c0,2.444,0.01,2.751,0.054,3.711 c0.044,0.958,0.196,1.612,0.418,2.185c0.23,0.592,0.538,1.094,1.038,1.594c0.5,0.5,1.002,0.808,1.594,1.038 c0.572,0.222,1.227,0.375,2.185,0.418C9.249,20.99,9.556,21,12,21s2.751-0.01,3.711-0.054c0.958-0.044,1.612-0.196,2.185-0.418 c0.592-0.23,1.094-0.538,1.594-1.038c0.5-0.5,0.808-1.002,1.038-1.594c0.222-0.572,0.375-1.227,0.418-2.185 C20.99,14.751,21,14.444,21,12s-0.01-2.751-0.054-3.711c-0.044-0.958-0.196-1.612-0.418-2.185c-0.23-0.592-0.538-1.094-1.038-1.594 c-0.5-0.5-1.002-0.808-1.594-1.038c-0.572-0.222-1.227-0.375-2.185-0.418C14.751,3.01,14.444,3,12,3L12,3z M12,7.378 c-2.552,0-4.622,2.069-4.622,4.622S9.448,16.622,12,16.622s4.622-2.069,4.622-4.622S14.552,7.378,12,7.378z M12,15 c-1.657,0-3-1.343-3-3s1.343-3,3-3s3,1.343,3,3S13.657,15,12,15z M16.804,6.116c-0.596,0-1.08,0.484-1.08,1.08 s0.484,1.08,1.08,1.08c0.596,0,1.08-0.484,1.08-1.08S17.401,6.116,16.804,6.116z\"><\/path><\/svg><span class=\"wp-block-social-link-label screen-reader-text\">Instagram<\/span><\/a><\/li>\n\n<li class=\"wp-social-link wp-social-link-youtube  wp-block-social-link\"><a href=\"https:\/\/www.youtube.com\/@inmauritius-potcast\" class=\"wp-block-social-link-anchor\"><svg width=\"24\" height=\"24\" viewBox=\"0 0 24 24\" version=\"1.1\" xmlns=\"http:\/\/www.w3.org\/2000\/svg\" aria-hidden=\"true\" focusable=\"false\"><path d=\"M21.8,8.001c0,0-0.195-1.378-0.795-1.985c-0.76-0.797-1.613-0.801-2.004-0.847c-2.799-0.202-6.997-0.202-6.997-0.202 h-0.009c0,0-4.198,0-6.997,0.202C4.608,5.216,3.756,5.22,2.995,6.016C2.395,6.623,2.2,8.001,2.2,8.001S2,9.62,2,11.238v1.517 c0,1.618,0.2,3.237,0.2,3.237s0.195,1.378,0.795,1.985c0.761,0.797,1.76,0.771,2.205,0.855c1.6,0.153,6.8,0.201,6.8,0.201 s4.203-0.006,7.001-0.209c0.391-0.047,1.243-0.051,2.004-0.847c0.6-0.607,0.795-1.985,0.795-1.985s0.2-1.618,0.2-3.237v-1.517 C22,9.62,21.8,8.001,21.8,8.001z M9.935,14.594l-0.001-5.62l5.404,2.82L9.935,14.594z\"><\/path><\/svg><span class=\"wp-block-social-link-label screen-reader-text\">YouTube<\/span><\/a><\/li><\/ul>\n<\/div>\n\n\n\n<div class=\"wp-block-column is-layout-flow wp-block-column-is-layout-flow\" style=\"flex-basis:66.66%\">\n<div class=\"wpcf7 no-js\" id=\"wpcf7-f4610-o1\" lang=\"en-US\" dir=\"ltr\">\n<div class=\"screen-reader-response\"><p role=\"status\" aria-live=\"polite\" aria-atomic=\"true\"><\/p> <ul><\/ul><\/div>\n<form action=\"\/sites\/mauritius_finance\/index.php?rest_route=%2Fwp%2Fv2%2Fpages%2F4609#wpcf7-f4610-o1\" method=\"post\" class=\"wpcf7-form init\" aria-label=\"Contact form\" novalidate=\"novalidate\" data-status=\"init\">\n<div style=\"display: none;\">\n<input type=\"hidden\" name=\"_wpcf7\" value=\"4610\" \/>\n<input type=\"hidden\" name=\"_wpcf7_version\" value=\"5.8.5\" \/>\n<input type=\"hidden\" name=\"_wpcf7_locale\" value=\"en_US\" \/>\n<input type=\"hidden\" name=\"_wpcf7_unit_tag\" value=\"wpcf7-f4610-o1\" \/>\n<input type=\"hidden\" name=\"_wpcf7_container_post\" value=\"0\" \/>\n<input type=\"hidden\" name=\"_wpcf7_posted_data_hash\" value=\"\" \/>\n<\/div>\n<p><label> Votre nom<br \/>\n<span class=\"wpcf7-form-control-wrap\" data-name=\"your-name\"><input size=\"40\" class=\"wpcf7-form-control wpcf7-text wpcf7-validates-as-required\" autocomplete=\"name\" aria-required=\"true\" aria-invalid=\"false\" value=\"\" type=\"text\" name=\"your-name\" \/><\/span> <\/label>\n<\/p>\n<p><label> Votre adresse e-mail<br \/>\n<span class=\"wpcf7-form-control-wrap\" data-name=\"your-email\"><input size=\"40\" class=\"wpcf7-form-control wpcf7-email wpcf7-validates-as-required wpcf7-text wpcf7-validates-as-email\" autocomplete=\"email\" aria-required=\"true\" aria-invalid=\"false\" value=\"\" type=\"email\" name=\"your-email\" \/><\/span> <\/label>\n<\/p>\n<p><label> Objet du message<br \/>\n<span class=\"wpcf7-form-control-wrap\" data-name=\"your-subject\"><input size=\"40\" class=\"wpcf7-form-control wpcf7-text wpcf7-validates-as-required\" aria-required=\"true\" aria-invalid=\"false\" value=\"\" type=\"text\" name=\"your-subject\" \/><\/span> <\/label>\n<\/p>\n<p><label>Votre message (facultatif)<br \/>\n<span class=\"wpcf7-form-control-wrap\" data-name=\"your-message\"><textarea cols=\"40\" rows=\"10\" class=\"wpcf7-form-control wpcf7-textarea\" aria-invalid=\"false\" name=\"your-message\"><\/textarea><\/span> <\/label>\n<\/p>\n<p><input class=\"wpcf7-form-control wpcf7-submit has-spinner\" type=\"submit\" value=\"Submit\" \/>\n<\/p><div class=\"wpcf7-response-output\" aria-hidden=\"true\"><\/div>\n<\/form>\n<\/div>\n\n<\/div>\n<\/div>\n","protected":false},"excerpt":{"rendered":"<p>Appelez-nous +230 425 50 60 Adresse du bureau Bureau n\u00b0 2, 14 Avenue SodnacQuatre Bornes, Maurice<\/p>\n","protected":false},"author":1,"featured_media":0,"parent":0,"menu_order":0,"comment_status":"closed","ping_status":"closed","template":"","meta":{"footnotes":""},"class_list":["post-4609","page","type-page","status-publish","hentry"],"acf":[],"yoast_head":"<!-- This site is optimized with the Yoast SEO plugin v23.0 - https:\/\/yoast.com\/wordpress\/plugins\/seo\/ -->\n<title>Contactez-Nous | Mauritius Trade<\/title>\n<meta name=\"description\" content=\"Contactez notre \u00e9quipe pour des demandes de renseignements, des collaborations ou plus d&#039;informations sur notre contenu. Nous sommes l\u00e0 pour vous aider et faciliter la compr\u00e9hension des derni\u00e8res \u00e9volutions et tendances financi\u00e8res.\" \/>\n<meta name=\"robots\" content=\"index, follow, max-snippet:-1, max-image-preview:large, max-video-preview:-1\" \/>\n<link rel=\"canonical\" href=\"https:\/\/3dprintersinindia.com\/sites\/mauritius_finance\/?page_id=4609&lang=fr\" \/>\n<meta property=\"og:locale\" content=\"en_US\" \/>\n<meta property=\"og:type\" content=\"article\" \/>\n<meta property=\"og:title\" content=\"Contactez-Nous | Mauritius Trade\" \/>\n<meta property=\"og:description\" content=\"Contactez notre \u00e9quipe pour des demandes de renseignements, des collaborations ou plus d&#039;informations sur notre contenu. Nous sommes l\u00e0 pour vous aider et faciliter la compr\u00e9hension des derni\u00e8res \u00e9volutions et tendances financi\u00e8res.\" \/>\n<meta property=\"og:url\" content=\"https:\/\/3dprintersinindia.com\/sites\/mauritius_finance\/?page_id=4609&amp;lang=fr\" \/>\n<meta property=\"og:site_name\" content=\"Mauritius Trade | Import And Export, Economic And Financial Updates And Articles\" \/>\n<meta property=\"article:modified_time\" content=\"2024-05-31T13:04:55+00:00\" \/>\n<meta name=\"twitter:card\" content=\"summary_large_image\" \/>\n<meta name=\"twitter:label1\" content=\"Est. reading time\" \/>\n\t<meta name=\"twitter:data1\" content=\"1 minute\" \/>\n<script type=\"application\/ld+json\" class=\"yoast-schema-graph\">{\"@context\":\"https:\/\/schema.org\",\"@graph\":[{\"@type\":\"WebPage\",\"@id\":\"https:\/\/3dprintersinindia.com\/sites\/mauritius_finance\/?page_id=4609&lang=fr\",\"url\":\"https:\/\/3dprintersinindia.com\/sites\/mauritius_finance\/?page_id=4609&lang=fr\",\"name\":\"Contactez-Nous | Mauritius Trade\",\"isPartOf\":{\"@id\":\"https:\/\/3dprintersinindia.com\/sites\/mauritius_finance\/#website\"},\"datePublished\":\"2024-05-30T06:14:46+00:00\",\"dateModified\":\"2024-05-31T13:04:55+00:00\",\"description\":\"Contactez notre \u00e9quipe pour des demandes de renseignements, des collaborations ou plus d'informations sur notre contenu. Nous sommes l\u00e0 pour vous aider et faciliter la compr\u00e9hension des derni\u00e8res \u00e9volutions et tendances financi\u00e8res.\",\"breadcrumb\":{\"@id\":\"https:\/\/3dprintersinindia.com\/sites\/mauritius_finance\/?page_id=4609&lang=fr#breadcrumb\"},\"inLanguage\":\"en-US\",\"potentialAction\":[{\"@type\":\"ReadAction\",\"target\":[\"https:\/\/3dprintersinindia.com\/sites\/mauritius_finance\/?page_id=4609&lang=fr\"]}]},{\"@type\":\"BreadcrumbList\",\"@id\":\"https:\/\/3dprintersinindia.com\/sites\/mauritius_finance\/?page_id=4609&lang=fr#breadcrumb\",\"itemListElement\":[{\"@type\":\"ListItem\",\"position\":1,\"name\":\"Home\",\"item\":\"https:\/\/3dprintersinindia.com\/sites\/mauritius_finance\/\"},{\"@type\":\"ListItem\",\"position\":2,\"name\":\"CONTACTEZ-NOUS\"}]},{\"@type\":\"WebSite\",\"@id\":\"https:\/\/3dprintersinindia.com\/sites\/mauritius_finance\/#website\",\"url\":\"https:\/\/3dprintersinindia.com\/sites\/mauritius_finance\/\",\"name\":\"Mauritius Trade | Import And Export, Economic And Financial Updates And Articles\",\"description\":\"Find out information related to trading and financial systems in Mauritius.\",\"potentialAction\":[{\"@type\":\"SearchAction\",\"target\":{\"@type\":\"EntryPoint\",\"urlTemplate\":\"https:\/\/3dprintersinindia.com\/sites\/mauritius_finance\/?s={search_term_string}\"},\"query-input\":\"required name=search_term_string\"}],\"inLanguage\":\"en-US\"}]}<\/script>\n<!-- \/ Yoast SEO plugin. -->","yoast_head_json":{"title":"Contactez-Nous | Mauritius Trade","description":"Contactez notre \u00e9quipe pour des demandes de renseignements, des collaborations ou plus d'informations sur notre contenu. Nous sommes l\u00e0 pour vous aider et faciliter la compr\u00e9hension des derni\u00e8res \u00e9volutions et tendances financi\u00e8res.","robots":{"index":"index","follow":"follow","max-snippet":"max-snippet:-1","max-image-preview":"max-image-preview:large","max-video-preview":"max-video-preview:-1"},"canonical":"https:\/\/3dprintersinindia.com\/sites\/mauritius_finance\/?page_id=4609&lang=fr","og_locale":"en_US","og_type":"article","og_title":"Contactez-Nous | Mauritius Trade","og_description":"Contactez notre \u00e9quipe pour des demandes de renseignements, des collaborations ou plus d'informations sur notre contenu. Nous sommes l\u00e0 pour vous aider et faciliter la compr\u00e9hension des derni\u00e8res \u00e9volutions et tendances financi\u00e8res.","og_url":"https:\/\/3dprintersinindia.com\/sites\/mauritius_finance\/?page_id=4609&lang=fr","og_site_name":"Mauritius Trade | Import And Export, Economic And Financial Updates And Articles","article_modified_time":"2024-05-31T13:04:55+00:00","twitter_card":"summary_large_image","twitter_misc":{"Est. reading time":"1 minute"},"schema":{"@context":"https:\/\/schema.org","@graph":[{"@type":"WebPage","@id":"https:\/\/3dprintersinindia.com\/sites\/mauritius_finance\/?page_id=4609&lang=fr","url":"https:\/\/3dprintersinindia.com\/sites\/mauritius_finance\/?page_id=4609&lang=fr","name":"Contactez-Nous | Mauritius Trade","isPartOf":{"@id":"https:\/\/3dprintersinindia.com\/sites\/mauritius_finance\/#website"},"datePublished":"2024-05-30T06:14:46+00:00","dateModified":"2024-05-31T13:04:55+00:00","description":"Contactez notre \u00e9quipe pour des demandes de renseignements, des collaborations ou plus d'informations sur notre contenu. Nous sommes l\u00e0 pour vous aider et faciliter la compr\u00e9hension des derni\u00e8res \u00e9volutions et tendances financi\u00e8res.","breadcrumb":{"@id":"https:\/\/3dprintersinindia.com\/sites\/mauritius_finance\/?page_id=4609&lang=fr#breadcrumb"},"inLanguage":"en-US","potentialAction":[{"@type":"ReadAction","target":["https:\/\/3dprintersinindia.com\/sites\/mauritius_finance\/?page_id=4609&lang=fr"]}]},{"@type":"BreadcrumbList","@id":"https:\/\/3dprintersinindia.com\/sites\/mauritius_finance\/?page_id=4609&lang=fr#breadcrumb","itemListElement":[{"@type":"ListItem","position":1,"name":"Home","item":"https:\/\/3dprintersinindia.com\/sites\/mauritius_finance\/"},{"@type":"ListItem","position":2,"name":"CONTACTEZ-NOUS"}]},{"@type":"WebSite","@id":"https:\/\/3dprintersinindia.com\/sites\/mauritius_finance\/#website","url":"https:\/\/3dprintersinindia.com\/sites\/mauritius_finance\/","name":"Mauritius Trade | Import And Export, Economic And Financial Updates And Articles","description":"Find out information related to trading and financial systems in Mauritius.","potentialAction":[{"@type":"SearchAction","target":{"@type":"EntryPoint","urlTemplate":"https:\/\/3dprintersinindia.com\/sites\/mauritius_finance\/?s={search_term_string}"},"query-input":"required name=search_term_string"}],"inLanguage":"en-US"}]}},"_links":{"self":[{"href":"https:\/\/3dprintersinindia.com\/sites\/mauritius_finance\/index.php?rest_route=\/wp\/v2\/pages\/4609","targetHints":{"allow":["GET"]}}],"collection":[{"href":"https:\/\/3dprintersinindia.com\/sites\/mauritius_finance\/index.php?rest_route=\/wp\/v2\/pages"}],"about":[{"href":"https:\/\/3dprintersinindia.com\/sites\/mauritius_finance\/index.php?rest_route=\/wp\/v2\/types\/page"}],"author":[{"embeddable":true,"href":"https:\/\/3dprintersinindia.com\/sites\/mauritius_finance\/index.php?rest_route=\/wp\/v2\/users\/1"}],"replies":[{"embeddable":true,"href":"https:\/\/3dprintersinindia.com\/sites\/mauritius_finance\/index.php?rest_route=%2Fwp%2Fv2%2Fcomments&post=4609"}],"version-history":[{"count":10,"href":"https:\/\/3dprintersinindia.com\/sites\/mauritius_finance\/index.php?rest_route=\/wp\/v2\/pages\/4609\/revisions"}],"predecessor-version":[{"id":4688,"href":"https:\/\/3dprintersinindia.com\/sites\/mauritius_finance\/index.php?rest_route=\/wp\/v2\/pages\/4609\/revisions\/4688"}],"wp:attachment":[{"href":"https:\/\/3dprintersinindia.com\/sites\/mauritius_finance\/index.php?rest_route=%2Fwp%2Fv2%2Fmedia&parent=4609"}],"curies":[{"name":"wp","href":"https:\/\/api.w.org\/{rel}","templated":true}]}}