{"id":2324,"date":"2024-01-30T05:43:25","date_gmt":"2024-01-30T05:43:25","guid":{"rendered":"https:\/\/3dprintersinindia.com\/sites\/mauritius_finance\/?page_id=2324"},"modified":"2024-06-01T04:55:55","modified_gmt":"2024-06-01T04:55:55","slug":"a-savoir-sur-nous","status":"publish","type":"page","link":"https:\/\/3dprintersinindia.com\/sites\/mauritius_finance\/?page_id=2324&lang=fr","title":{"rendered":"A PROPOS DE NOUS"},"content":{"rendered":"\n<h2 class=\"wp-block-heading has-large-font-size\"><strong>A Savoir Sur Nous<\/strong><\/h2>\n\n\n\n<h2 class=\"wp-block-heading has-medium-font-size\"><strong>Le Guide Du Commerce Et De l&#8217;Economie \u00c0 l&#8217;Ile Maurice<\/strong><\/h2>\n\n\n\n<p>Ce magazine en ligne est votre source fiable pour naviguer dans le secteur du commerce et de l&#8217;\u00e9conomie de l&#8217;\u00eele Maurice. Il couvre les importations et les exportations ainsi que les tendances \u00e9conomiques. Gr\u00e2ce \u00e0 nos informations fiables, les individus et les entreprises peuvent prosp\u00e9rer dans cet environnement dynamique. Vous trouverez des informations sur les diff\u00e9rentes institutions concern\u00e9es, les r\u00e9glementations et m\u00eame des informations &#8220;bonnes \u00e0 savoir&#8221;.<\/p>\n\n\n\n<h2 class=\"wp-block-heading has-medium-font-size\"><strong>Pourquoi s&#8217;abonner \u00e0 Mauritius Trade ?<\/strong><\/h2>\n\n\n\n<ul class=\"wp-block-list\">\n<li><strong>Perspectives d&#8217;experts: <\/strong>Vous trouverez des analyses et des points de vue approfondis sur les secteurs commerciaux et financiers de l&#8217;\u00eele Maurice.<\/li>\n\n\n\n<li><strong>Couverture compl\u00e8te: <\/strong>Nous couvrons tous les aspects pertinents, des guides d&#8217;importation et d&#8217;exportation aux indicateurs \u00e9conomiques et aux mises \u00e0 jour financi\u00e8res.<\/li>\n\n\n\n<li><strong>Mises \u00e0 jour opportunes: <\/strong>Restez inform\u00e9 gr\u00e2ce \u00e0 nos mises \u00e0 jour sur les changements r\u00e9glementaires, les tendances du march\u00e9 et les opportunit\u00e9s \u00e9mergentes \u00e0 Maurice.<\/li>\n\n\n\n<li><strong>Acc\u00e9dez \u00e0 des vid\u00e9os int\u00e9ressantes: <\/strong>Explorez des vid\u00e9os pr\u00e9sentant des id\u00e9es sur les affaires, l&#8217;\u00e9conomie, le commerce et la finance de la part des leaders de l&#8217;industrie mauricienne.<\/li>\n\n\n\n<li><strong>Des d\u00e9cisions \u00e9clair\u00e9es: <\/strong>Prenez des d\u00e9cisions avis\u00e9es pour r\u00e9ussir dans l&#8217;\u00e9conomie dynamique de l&#8217;\u00eele Maurice.<\/li>\n<\/ul>\n","protected":false},"excerpt":{"rendered":"<p>A Savoir Sur Nous Le Guide Du Commerce Et De l&#8217;Economie \u00c0 l&#8217;Ile Maurice Ce magazine en ligne est votre source fiable pour naviguer dans le secteur du commerce et de l&#8217;\u00e9conomie de l&#8217;\u00eele Maurice. Il couvre les importations et les exportations ainsi que les tendances \u00e9conomiques. Gr\u00e2ce \u00e0 nos informations fiables, les individus et les entreprises peuvent prosp\u00e9rer dans cet environnement dynamique. Vous trouverez des informations sur les diff\u00e9rentes institutions concern\u00e9es, les r\u00e9glementations et m\u00eame des informations &#8220;bonnes \u00e0 savoir&#8221;. Pourquoi s&#8217;abonner \u00e0 Mauritius Trade ?<\/p>\n","protected":false},"author":1,"featured_media":0,"parent":0,"menu_order":0,"comment_status":"closed","ping_status":"closed","template":"","meta":{"footnotes":""},"class_list":["post-2324","page","type-page","status-publish","hentry"],"acf":[],"yoast_head":"<!-- This site is optimized with the Yoast SEO plugin v23.0 - https:\/\/yoast.com\/wordpress\/plugins\/seo\/ -->\n<title>A PROPOS DE NOUS - Mauritius Trade | Import And Export, Economic And Financial Updates And Articles<\/title>\n<meta name=\"description\" content=\"A PROPOS DE NOUS - Mauritius Trade | Import And Export, Economic And Financial Updates And Articles\" \/>\n<meta name=\"robots\" content=\"index, follow, max-snippet:-1, max-image-preview:large, max-video-preview:-1\" \/>\n<link rel=\"canonical\" href=\"https:\/\/3dprintersinindia.com\/sites\/mauritius_finance\/?page_id=2324&lang=fr\" \/>\n<meta property=\"og:locale\" content=\"en_US\" \/>\n<meta property=\"og:type\" content=\"article\" \/>\n<meta property=\"og:title\" content=\"A PROPOS DE NOUS - Mauritius Trade | Import And Export, Economic And Financial Updates And Articles\" \/>\n<meta property=\"og:description\" content=\"A PROPOS DE NOUS - Mauritius Trade | Import And Export, Economic And Financial Updates And Articles\" \/>\n<meta property=\"og:url\" content=\"https:\/\/3dprintersinindia.com\/sites\/mauritius_finance\/?page_id=2324&amp;lang=fr\" \/>\n<meta property=\"og:site_name\" content=\"Mauritius Trade | Import And Export, Economic And Financial Updates And Articles\" \/>\n<meta property=\"article:modified_time\" content=\"2024-06-01T04:55:55+00:00\" \/>\n<meta name=\"twitter:card\" content=\"summary_large_image\" \/>\n<meta name=\"twitter:label1\" content=\"Est. reading time\" \/>\n\t<meta name=\"twitter:data1\" content=\"1 minute\" \/>\n<script type=\"application\/ld+json\" class=\"yoast-schema-graph\">{\"@context\":\"https:\/\/schema.org\",\"@graph\":[{\"@type\":\"WebPage\",\"@id\":\"https:\/\/3dprintersinindia.com\/sites\/mauritius_finance\/?page_id=2324&lang=fr\",\"url\":\"https:\/\/3dprintersinindia.com\/sites\/mauritius_finance\/?page_id=2324&lang=fr\",\"name\":\"A PROPOS DE NOUS - Mauritius Trade | Import And Export, Economic And Financial Updates And Articles\",\"isPartOf\":{\"@id\":\"https:\/\/3dprintersinindia.com\/sites\/mauritius_finance\/#website\"},\"datePublished\":\"2024-01-30T05:43:25+00:00\",\"dateModified\":\"2024-06-01T04:55:55+00:00\",\"description\":\"A PROPOS DE NOUS - Mauritius Trade | Import And Export, Economic And Financial Updates And Articles\",\"breadcrumb\":{\"@id\":\"https:\/\/3dprintersinindia.com\/sites\/mauritius_finance\/?page_id=2324&lang=fr#breadcrumb\"},\"inLanguage\":\"en-US\",\"potentialAction\":[{\"@type\":\"ReadAction\",\"target\":[\"https:\/\/3dprintersinindia.com\/sites\/mauritius_finance\/?page_id=2324&lang=fr\"]}]},{\"@type\":\"BreadcrumbList\",\"@id\":\"https:\/\/3dprintersinindia.com\/sites\/mauritius_finance\/?page_id=2324&lang=fr#breadcrumb\",\"itemListElement\":[{\"@type\":\"ListItem\",\"position\":1,\"name\":\"Home\",\"item\":\"https:\/\/3dprintersinindia.com\/sites\/mauritius_finance\/\"},{\"@type\":\"ListItem\",\"position\":2,\"name\":\"A PROPOS DE NOUS\"}]},{\"@type\":\"WebSite\",\"@id\":\"https:\/\/3dprintersinindia.com\/sites\/mauritius_finance\/#website\",\"url\":\"https:\/\/3dprintersinindia.com\/sites\/mauritius_finance\/\",\"name\":\"Mauritius Trade | Import And Export, Economic And Financial Updates And Articles\",\"description\":\"Find out information related to trading and financial systems in Mauritius.\",\"potentialAction\":[{\"@type\":\"SearchAction\",\"target\":{\"@type\":\"EntryPoint\",\"urlTemplate\":\"https:\/\/3dprintersinindia.com\/sites\/mauritius_finance\/?s={search_term_string}\"},\"query-input\":\"required name=search_term_string\"}],\"inLanguage\":\"en-US\"}]}<\/script>\n<!-- \/ Yoast SEO plugin. -->","yoast_head_json":{"title":"A PROPOS DE NOUS - Mauritius Trade | Import And Export, Economic And Financial Updates And Articles","description":"A PROPOS DE NOUS - Mauritius Trade | Import And Export, Economic And Financial Updates And Articles","robots":{"index":"index","follow":"follow","max-snippet":"max-snippet:-1","max-image-preview":"max-image-preview:large","max-video-preview":"max-video-preview:-1"},"canonical":"https:\/\/3dprintersinindia.com\/sites\/mauritius_finance\/?page_id=2324&lang=fr","og_locale":"en_US","og_type":"article","og_title":"A PROPOS DE NOUS - Mauritius Trade | Import And Export, Economic And Financial Updates And Articles","og_description":"A PROPOS DE NOUS - Mauritius Trade | Import And Export, Economic And Financial Updates And Articles","og_url":"https:\/\/3dprintersinindia.com\/sites\/mauritius_finance\/?page_id=2324&lang=fr","og_site_name":"Mauritius Trade | Import And Export, Economic And Financial Updates And Articles","article_modified_time":"2024-06-01T04:55:55+00:00","twitter_card":"summary_large_image","twitter_misc":{"Est. reading time":"1 minute"},"schema":{"@context":"https:\/\/schema.org","@graph":[{"@type":"WebPage","@id":"https:\/\/3dprintersinindia.com\/sites\/mauritius_finance\/?page_id=2324&lang=fr","url":"https:\/\/3dprintersinindia.com\/sites\/mauritius_finance\/?page_id=2324&lang=fr","name":"A PROPOS DE NOUS - Mauritius Trade | Import And Export, Economic And Financial Updates And Articles","isPartOf":{"@id":"https:\/\/3dprintersinindia.com\/sites\/mauritius_finance\/#website"},"datePublished":"2024-01-30T05:43:25+00:00","dateModified":"2024-06-01T04:55:55+00:00","description":"A PROPOS DE NOUS - Mauritius Trade | Import And Export, Economic And Financial Updates And Articles","breadcrumb":{"@id":"https:\/\/3dprintersinindia.com\/sites\/mauritius_finance\/?page_id=2324&lang=fr#breadcrumb"},"inLanguage":"en-US","potentialAction":[{"@type":"ReadAction","target":["https:\/\/3dprintersinindia.com\/sites\/mauritius_finance\/?page_id=2324&lang=fr"]}]},{"@type":"BreadcrumbList","@id":"https:\/\/3dprintersinindia.com\/sites\/mauritius_finance\/?page_id=2324&lang=fr#breadcrumb","itemListElement":[{"@type":"ListItem","position":1,"name":"Home","item":"https:\/\/3dprintersinindia.com\/sites\/mauritius_finance\/"},{"@type":"ListItem","position":2,"name":"A PROPOS DE NOUS"}]},{"@type":"WebSite","@id":"https:\/\/3dprintersinindia.com\/sites\/mauritius_finance\/#website","url":"https:\/\/3dprintersinindia.com\/sites\/mauritius_finance\/","name":"Mauritius Trade | Import And Export, Economic And Financial Updates And Articles","description":"Find out information related to trading and financial systems in Mauritius.","potentialAction":[{"@type":"SearchAction","target":{"@type":"EntryPoint","urlTemplate":"https:\/\/3dprintersinindia.com\/sites\/mauritius_finance\/?s={search_term_string}"},"query-input":"required name=search_term_string"}],"inLanguage":"en-US"}]}},"_links":{"self":[{"href":"https:\/\/3dprintersinindia.com\/sites\/mauritius_finance\/index.php?rest_route=\/wp\/v2\/pages\/2324","targetHints":{"allow":["GET"]}}],"collection":[{"href":"https:\/\/3dprintersinindia.com\/sites\/mauritius_finance\/index.php?rest_route=\/wp\/v2\/pages"}],"about":[{"href":"https:\/\/3dprintersinindia.com\/sites\/mauritius_finance\/index.php?rest_route=\/wp\/v2\/types\/page"}],"author":[{"embeddable":true,"href":"https:\/\/3dprintersinindia.com\/sites\/mauritius_finance\/index.php?rest_route=\/wp\/v2\/users\/1"}],"replies":[{"embeddable":true,"href":"https:\/\/3dprintersinindia.com\/sites\/mauritius_finance\/index.php?rest_route=%2Fwp%2Fv2%2Fcomments&post=2324"}],"version-history":[{"count":4,"href":"https:\/\/3dprintersinindia.com\/sites\/mauritius_finance\/index.php?rest_route=\/wp\/v2\/pages\/2324\/revisions"}],"predecessor-version":[{"id":4686,"href":"https:\/\/3dprintersinindia.com\/sites\/mauritius_finance\/index.php?rest_route=\/wp\/v2\/pages\/2324\/revisions\/4686"}],"wp:attachment":[{"href":"https:\/\/3dprintersinindia.com\/sites\/mauritius_finance\/index.php?rest_route=%2Fwp%2Fv2%2Fmedia&parent=2324"}],"curies":[{"name":"wp","href":"https:\/\/api.w.org\/{rel}","templated":true}]}}